{"id":3673,"date":"2025-12-20T22:28:21","date_gmt":"2025-12-20T22:28:21","guid":{"rendered":"https:\/\/www.afime.org\/?page_id=3673"},"modified":"2025-12-21T12:32:38","modified_gmt":"2025-12-21T12:32:38","slug":"mentions-legales","status":"publish","type":"page","link":"https:\/\/www.afime.org\/en\/mentions-legales\/","title":{"rendered":"Legal notices"},"content":{"rendered":"\t\t<div data-elementor-type=\"wp-page\" data-elementor-id=\"3673\" class=\"elementor elementor-3673\">\n\t\t\t\t<div class=\"elementor-element elementor-element-9be2b78 e-flex e-con-boxed e-con e-parent\" data-id=\"9be2b78\" data-element_type=\"container\" data-e-type=\"container\" data-settings=\"{&quot;background_background&quot;:&quot;slideshow&quot;,&quot;background_slideshow_gallery&quot;:[{&quot;id&quot;:1328,&quot;url&quot;:&quot;https:\\\/\\\/www.afime.org\\\/wp-content\\\/uploads\\\/2025\\\/09\\\/image-1-section-5.png&quot;},{&quot;id&quot;:1523,&quot;url&quot;:&quot;https:\\\/\\\/www.afime.org\\\/wp-content\\\/uploads\\\/2025\\\/09\\\/Afime_Emission_des_entrepreneurs_Accueil_Douala_Cameroun-28.png&quot;},{&quot;id&quot;:1927,&quot;url&quot;:&quot;https:\\\/\\\/www.afime.org\\\/wp-content\\\/uploads\\\/2025\\\/09\\\/Afime-Afrique-Impact-Entrepreneurs-Programme-TV-Investissement-Cameroun-Plateau-TV-2.jpg&quot;}],&quot;background_slideshow_ken_burns&quot;:&quot;yes&quot;,&quot;background_slideshow_loop&quot;:&quot;yes&quot;,&quot;background_slideshow_slide_duration&quot;:5000,&quot;background_slideshow_slide_transition&quot;:&quot;fade&quot;,&quot;background_slideshow_transition_duration&quot;:500,&quot;background_slideshow_ken_burns_zoom_direction&quot;:&quot;in&quot;}\">\n\t\t\t\t\t<div class=\"e-con-inner\">\n\t\t\t\t<div class=\"elementor-element elementor-element-82a0e5d elementor-widget elementor-widget-spacer\" data-id=\"82a0e5d\" data-element_type=\"widget\" data-e-type=\"widget\" data-widget_type=\"spacer.default\">\n\t\t\t\t\t\t\t<div class=\"elementor-spacer\">\n\t\t\t<div class=\"elementor-spacer-inner\"><\/div>\n\t\t<\/div>\n\t\t\t\t\t\t<\/div>\n\t\t\t\t<div class=\"elementor-element elementor-element-154b277 elementor-widget elementor-widget-heading\" data-id=\"154b277\" data-element_type=\"widget\" data-e-type=\"widget\" data-widget_type=\"heading.default\">\n\t\t\t\t\t<h2 class=\"elementor-heading-title elementor-size-default\">Mentions l\u00e9gales <\/h2>\t\t\t\t<\/div>\n\t\t\t\t<div class=\"elementor-element elementor-element-d9c4999 elementor-widget elementor-widget-spacer\" data-id=\"d9c4999\" data-element_type=\"widget\" data-e-type=\"widget\" data-widget_type=\"spacer.default\">\n\t\t\t\t\t\t\t<div class=\"elementor-spacer\">\n\t\t\t<div class=\"elementor-spacer-inner\"><\/div>\n\t\t<\/div>\n\t\t\t\t\t\t<\/div>\n\t\t\t\t\t<\/div>\n\t\t\t\t<\/div>\n\t\t<div class=\"elementor-element elementor-element-54cead6 e-flex e-con-boxed e-con e-parent\" data-id=\"54cead6\" data-element_type=\"container\" data-e-type=\"container\">\n\t\t\t\t\t<div class=\"e-con-inner\">\n\t\t\t\t<div class=\"elementor-element elementor-element-d892101 animated-slow elementor-invisible elementor-widget elementor-widget-text-editor\" data-id=\"d892101\" data-element_type=\"widget\" data-e-type=\"widget\" data-settings=\"{&quot;_animation&quot;:&quot;slideInLeft&quot;}\" data-widget_type=\"text-editor.default\">\n\t\t\t\t\t\t\t\t\t<h3 data-start=\"560\" data-end=\"588\"><strong data-start=\"564\" data-end=\"586\">1. \u00c9diteur du site<\/strong><\/h3>\n<p data-start=\"589\" data-end=\"853\">Le pr\u00e9sent site internet accessible \u00e0 l\u2019adresse <a href=\"https:\/\/www.afime.org\"><strong data-start=\"637\" data-end=\"662\">https:\/\/www.afime.org<\/strong><\/a> (ci-apr\u00e8s \u00ab le Site \u00bb) est \u00e9dit\u00e9 par <strong data-start=\"700\" data-end=\"740\">AFIME \u2013 Afrique Impact Entrepreneurs<\/strong>, un programme m\u00e9dia d\u00e9di\u00e9 \u00e0 la valorisation des entrepreneurs africains.<\/p>\n<p data-start=\"855\" data-end=\"1314\"><strong data-start=\"855\" data-end=\"882\">Nom de l\u2019organisation :<\/strong> AFIME \u2013 Afrique Impact Entrepreneurs<br data-start=\"919\" data-end=\"922\"><strong data-start=\"922\" data-end=\"972\">Organisateur \/ Responsable de la publication :<\/strong> [Nom du responsable l\u00e9gal ou de la structure juridique]<br data-start=\"1028\" data-end=\"1031\"><strong data-start=\"1031\" data-end=\"1049\">Si\u00e8ge social :<\/strong> [Adresse compl\u00e8te]<br data-start=\"1068\" data-end=\"1071\"><strong data-start=\"1071\" data-end=\"1093\">Email de contact :<\/strong> [adresse email officielle]<br data-start=\"1120\" data-end=\"1123\"><strong data-start=\"1123\" data-end=\"1138\">T\u00e9l\u00e9phone :<\/strong> [num\u00e9ro de t\u00e9l\u00e9phone]<br data-start=\"1160\" data-end=\"1163\"><strong data-start=\"1163\" data-end=\"1217\">Num\u00e9ro d\u2019immatriculation \/ Identification l\u00e9gale :<\/strong> [ex. SIRET, RC, etc.]<br data-start=\"1239\" data-end=\"1242\"><strong data-start=\"1242\" data-end=\"1277\">Num\u00e9ro de TVA (si applicable) :<\/strong> [num\u00e9ro de TVA intracommunautaire]<\/p>\n<hr data-start=\"1316\" data-end=\"1319\">\n<h3 data-start=\"1321\" data-end=\"1351\"><strong data-start=\"1325\" data-end=\"1349\">2. H\u00e9bergeur du site<\/strong><\/h3>\n<p data-start=\"1352\" data-end=\"1527\">Le site est h\u00e9berg\u00e9 par :<br data-start=\"1377\" data-end=\"1380\"><strong data-start=\"1380\" data-end=\"1404\">[Nom de l\u2019h\u00e9bergeur]<\/strong><br data-start=\"1404\" data-end=\"1407\"><strong data-start=\"1407\" data-end=\"1420\">Adresse :<\/strong> [Adresse de l\u2019h\u00e9bergeur]<br data-start=\"1445\" data-end=\"1448\"><strong data-start=\"1448\" data-end=\"1463\">T\u00e9l\u00e9phone :<\/strong> [Num\u00e9ro de l\u2019h\u00e9bergeur]<br data-start=\"1487\" data-end=\"1490\"><strong data-start=\"1490\" data-end=\"1519\">Site web de l\u2019h\u00e9bergeur :<\/strong> [URL]<\/p>\n<hr data-start=\"1529\" data-end=\"1532\">\n<h3 data-start=\"1534\" data-end=\"1571\"><strong data-start=\"1538\" data-end=\"1569\">3. Propri\u00e9t\u00e9 intellectuelle<\/strong><\/h3>\n<p data-start=\"1572\" data-end=\"1882\">L\u2019ensemble des \u00e9l\u00e9ments publi\u00e9s sur ce Site (textes, images, vid\u00e9os, logos, contenus graphiques, etc.) sont prot\u00e9g\u00e9s par le droit de la propri\u00e9t\u00e9 intellectuelle. Toute reproduction, repr\u00e9sentation ou diffusion, partielle ou totale, est strictement interdite sans l\u2019autorisation \u00e9crite pr\u00e9alable de l\u2019\u00e9diteur.<\/p>\n<hr data-start=\"1884\" data-end=\"1887\">\n<h3 data-start=\"1889\" data-end=\"1952\"><strong data-start=\"1893\" data-end=\"1950\">4. Donn\u00e9es personnelles &amp; protection de la vie priv\u00e9e<\/strong><\/h3>\n<p data-start=\"1953\" data-end=\"2279\">Les informations recueillies \u00e0 travers le Site sont n\u00e9cessaires \u00e0 la gestion des candidatures, au traitement des demandes et \u00e0 l\u2019am\u00e9lioration de l\u2019exp\u00e9rience utilisateur. Elles sont trait\u00e9es conform\u00e9ment \u00e0 la <strong data-start=\"2162\" data-end=\"2194\">politique de confidentialit\u00e9<\/strong> du Site, qui d\u00e9taille comment les donn\u00e9es sont collect\u00e9es, utilis\u00e9es et prot\u00e9g\u00e9es.<\/p>\n<p data-start=\"2281\" data-end=\"2572\">Conform\u00e9ment aux lois applicables en mati\u00e8re de protection des donn\u00e9es \u00e0 caract\u00e8re personnel, chaque utilisateur dispose d\u2019un droit d\u2019acc\u00e8s, de rectification, de suppression et d\u2019opposition qu\u2019il peut exercer en contactant :<br data-start=\"2505\" data-end=\"2508\"><strong data-start=\"2508\" data-end=\"2519\">Email :<\/strong> [adresse email d\u00e9di\u00e9e \u00e0 la protection des donn\u00e9es]<\/p>\n<p data-start=\"2574\" data-end=\"2738\"><em data-start=\"2574\" data-end=\"2638\">La politique de confidentialit\u00e9 compl\u00e8te est consultable ici :<\/em> <strong data-start=\"2639\" data-end=\"2699\">[Lien vers la page Politique de confidentialit\u00e9 ou RGPD]<\/strong>.<\/p>\n<hr data-start=\"2740\" data-end=\"2743\">\n<h3 data-start=\"2745\" data-end=\"2777\"><strong data-start=\"2749\" data-end=\"2775\">5. Cookies et traceurs<\/strong><\/h3>\n<p data-start=\"2778\" data-end=\"3059\">Le Site peut utiliser des cookies ou d\u2019autres traceurs pour optimiser la navigation, mesurer l\u2019audience ou am\u00e9liorer les services propos\u00e9s. Lors de la premi\u00e8re navigation, l\u2019utilisateur est inform\u00e9 de l\u2019utilisation des cookies et peut choisir d\u2019accepter ou de refuser leur usage.<\/p>\n<hr data-start=\"3061\" data-end=\"3064\">\n<h3 data-start=\"3066\" data-end=\"3119\"><strong data-start=\"3070\" data-end=\"3117\">6. Conditions g\u00e9n\u00e9rales d\u2019utilisation (CGU)<\/strong><\/h3>\n<p data-start=\"3120\" data-end=\"3315\">L\u2019acc\u00e8s et l\u2019utilisation du Site sont soumis aux pr\u00e9sentes Mentions l\u00e9gales ainsi qu\u2019aux <strong data-start=\"3209\" data-end=\"3247\">Conditions g\u00e9n\u00e9rales d\u2019utilisation<\/strong>, consultables \u00e0 l\u2019adresse suivante : <strong data-start=\"3285\" data-end=\"3312\">[Lien vers la page CGU]<\/strong>.<\/p>\n<hr data-start=\"3317\" data-end=\"3320\">\n<h3 data-start=\"3322\" data-end=\"3349\"><strong data-start=\"3326\" data-end=\"3347\">7. Responsabilit\u00e9<\/strong><\/h3>\n<p data-start=\"3350\" data-end=\"3687\">L\u2019\u00e9diteur s\u2019efforce d\u2019assurer l\u2019exactitude et la mise \u00e0 jour des informations diffus\u00e9es sur le Site, mais ne garantit pas l\u2019exhaustivit\u00e9, l\u2019absence d\u2019erreurs ou la disponibilit\u00e9 continue du service. L\u2019\u00e9diteur ne peut en aucun cas \u00eatre tenu responsable des dommages directs ou indirects r\u00e9sultant de l\u2019acc\u00e8s ou de l\u2019utilisation du Site.<\/p>\n<hr data-start=\"3689\" data-end=\"3692\">\n<h3 data-start=\"3694\" data-end=\"3723\"><strong data-start=\"3698\" data-end=\"3721\">8. Droit applicable<\/strong><\/h3>\n<p data-start=\"3724\" data-end=\"4015\">Les pr\u00e9sentes mentions l\u00e9gales sont r\u00e9gies par le droit [pays concern\u00e9 par la l\u00e9gislation applicable, ex. camerounaise, fran\u00e7aise ou autre], et tout litige relatif \u00e0 l\u2019utilisation du Site sera soumis \u00e0 la comp\u00e9tence des juridictions comp\u00e9tentes du pays.<\/p>\n<hr data-start=\"4017\" data-end=\"4020\">\n<h3 data-start=\"4022\" data-end=\"4059\"><strong data-start=\"4026\" data-end=\"4052\">Derni\u00e8re mise \u00e0 jour :<\/strong>&nbsp;21\/12\/2025<\/h3>\t\t\t\t\t\t\t\t<\/div>\n\t\t\t\t\t<\/div>\n\t\t\t\t<\/div>\n\t\t\t\t<\/div>\n\t\t","protected":false},"excerpt":{"rendered":"<p>Mentions l\u00e9gales 1. \u00c9diteur du site Le pr\u00e9sent site internet accessible \u00e0 l\u2019adresse https:\/\/www.afime.org (ci-apr\u00e8s \u00ab le Site \u00bb) est \u00e9dit\u00e9 par AFIME \u2013 Afrique Impact Entrepreneurs, un programme m\u00e9dia d\u00e9di\u00e9 \u00e0 la valorisation des entrepreneurs africains. Nom de l\u2019organisation : AFIME \u2013 Afrique Impact EntrepreneursOrganisateur \/ Responsable de la publication : [Nom du responsable [&hellip;]<\/p>\n","protected":false},"author":5,"featured_media":0,"parent":0,"menu_order":0,"comment_status":"closed","ping_status":"closed","template":"","meta":{"_seopress_robots_primary_cat":"","_seopress_titles_title":"","_seopress_titles_desc":"","_seopress_robots_index":"","footnotes":""},"class_list":["post-3673","page","type-page","status-publish","hentry"],"_links":{"self":[{"href":"https:\/\/www.afime.org\/en\/wp-json\/wp\/v2\/pages\/3673","targetHints":{"allow":["GET"]}}],"collection":[{"href":"https:\/\/www.afime.org\/en\/wp-json\/wp\/v2\/pages"}],"about":[{"href":"https:\/\/www.afime.org\/en\/wp-json\/wp\/v2\/types\/page"}],"author":[{"embeddable":true,"href":"https:\/\/www.afime.org\/en\/wp-json\/wp\/v2\/users\/5"}],"replies":[{"embeddable":true,"href":"https:\/\/www.afime.org\/en\/wp-json\/wp\/v2\/comments?post=3673"}],"version-history":[{"count":16,"href":"https:\/\/www.afime.org\/en\/wp-json\/wp\/v2\/pages\/3673\/revisions"}],"predecessor-version":[{"id":3712,"href":"https:\/\/www.afime.org\/en\/wp-json\/wp\/v2\/pages\/3673\/revisions\/3712"}],"wp:attachment":[{"href":"https:\/\/www.afime.org\/en\/wp-json\/wp\/v2\/media?parent=3673"}],"curies":[{"name":"wp","href":"https:\/\/api.w.org\/{rel}","templated":true}]}}