{"id":4677,"date":"2026-04-14T13:42:58","date_gmt":"2026-04-14T13:42:58","guid":{"rendered":"https:\/\/www.afime.org\/?page_id=4677"},"modified":"2026-04-15T15:57:39","modified_gmt":"2026-04-15T15:57:39","slug":"nos-articles","status":"publish","type":"page","link":"https:\/\/www.afime.org\/en\/nos-articles\/","title":{"rendered":"Nos articles"},"content":{"rendered":"<div data-elementor-type=\"wp-page\" data-elementor-id=\"4677\" class=\"elementor elementor-4677\">\n\t\t\t\t<div class=\"elementor-element elementor-element-dd7029a e-flex e-con-boxed e-con e-parent\" data-id=\"dd7029a\" data-element_type=\"container\" data-e-type=\"container\" data-settings=\"{&quot;background_background&quot;:&quot;classic&quot;}\">\n\t\t\t\t\t<div class=\"e-con-inner\">\n\t\t\t\t<div class=\"elementor-element elementor-element-222d6df elementor-widget elementor-widget-spacer\" data-id=\"222d6df\" data-element_type=\"widget\" data-e-type=\"widget\" data-widget_type=\"spacer.default\">\n\t\t\t\t\t\t\t<div class=\"elementor-spacer\">\n\t\t\t<div class=\"elementor-spacer-inner\"><\/div>\n\t\t<\/div>\n\t\t\t\t\t\t<\/div>\n\t\t\t\t<div class=\"elementor-element elementor-element-67727d2 elementor-widget elementor-widget-heading\" data-id=\"67727d2\" data-element_type=\"widget\" data-e-type=\"widget\" data-widget_type=\"heading.default\">\n\t\t\t\t\t<h2 class=\"elementor-heading-title elementor-size-default\">LE BLOG AFIME<\/h2>\t\t\t\t<\/div>\n\t\t\t\t<div class=\"elementor-element elementor-element-4d9708a elementor-widget__width-initial elementor-widget elementor-widget-text-editor\" data-id=\"4d9708a\" data-element_type=\"widget\" data-e-type=\"widget\" data-widget_type=\"text-editor.default\">\n\t\t\t\t\t\t\t\t\t<p>R\u00e9flexions sur l&rsquo;entrepreneuriat africain, le financement et les transformations technologiques du continent.<\/p>\t\t\t\t\t\t\t\t<\/div>\n\t\t\t\t\t<\/div>\n\t\t\t\t<\/div>\n\t\t<div class=\"elementor-element elementor-element-4a56732 e-flex e-con-boxed e-con e-parent\" data-id=\"4a56732\" data-element_type=\"container\" data-e-type=\"container\">\n\t\t\t\t\t<div class=\"e-con-inner\">\n\t\t\t\t<div class=\"elementor-element elementor-element-4535c8c elementor-widget elementor-widget-spacer\" data-id=\"4535c8c\" data-element_type=\"widget\" data-e-type=\"widget\" data-widget_type=\"spacer.default\">\n\t\t\t\t\t\t\t<div class=\"elementor-spacer\">\n\t\t\t<div class=\"elementor-spacer-inner\"><\/div>\n\t\t<\/div>\n\t\t\t\t\t\t<\/div>\n\t\t\t\t<div class=\"elementor-element elementor-element-7e7fe13 elementor-grid-eael-col-4 elementor-grid-tablet-eael-col-2 elementor-grid-mobile-eael-col-1 elementor-widget elementor-widget-eael-post-grid\" data-id=\"7e7fe13\" data-element_type=\"widget\" data-e-type=\"widget\" data-settings=\"{&quot;eael_post_grid_columns&quot;:&quot;eael-col-4&quot;,&quot;eael_post_grid_columns_tablet&quot;:&quot;eael-col-2&quot;,&quot;eael_post_grid_columns_mobile&quot;:&quot;eael-col-1&quot;}\" data-widget_type=\"eael-post-grid.default\">\n\t\t\t\t\t<div id=\"eael-post-grid-7e7fe13\" class=\"eael-post-grid-container\">\n            <div class=\"eael-post-grid eael-post-appender eael-post-appender-7e7fe13 eael-post-grid-style-three\" data-layout-mode=\"grid\"><article class=\"eael-grid-post  eael-post-grid-column eael-pg-post-4802 category-afimeai\" data-id=\"4802\">\n        <div class=\"eael-grid-post-holder\">\n            <div class=\"eael-grid-post-holder-inner\"><div class=\"eael-entry-media\"><div class=\"eael-entry-overlay fade-in\"><i class=\"fas fa-long-arrow-alt-right\" aria-hidden=\"true\"><\/i><a href=\"https:\/\/www.afime.org\/en\/2026\/04\/15\/afime-un-ecosysteme-complet-au-service-de-linnovation-africaine\/\"><\/a><\/div><div class=\"eael-entry-thumbnail\">\n                 <img alt=\"\" fetchpriority=\"high\" decoding=\"async\" width=\"1024\" height=\"1536\" src=\"https:\/\/www.afime.org\/wp-content\/uploads\/2026\/04\/Design-sans-titre-6.png\" class=\"attachment-full size-full wp-image-4808\" srcset=\"https:\/\/www.afime.org\/wp-content\/uploads\/2026\/04\/Design-sans-titre-6.png 1024w, https:\/\/www.afime.org\/wp-content\/uploads\/2026\/04\/Design-sans-titre-6-200x300.png 200w, https:\/\/www.afime.org\/wp-content\/uploads\/2026\/04\/Design-sans-titre-6-683x1024.png 683w, https:\/\/www.afime.org\/wp-content\/uploads\/2026\/04\/Design-sans-titre-6-768x1152.png 768w, https:\/\/www.afime.org\/wp-content\/uploads\/2026\/04\/Design-sans-titre-6-8x12.png 8w\" sizes=\"(max-width: 1024px) 100vw, 1024px\" \/>\n             <\/div>\n        <\/div><div class=\"eael-entry-wrapper\"><header class=\"eael-entry-header\"><h2 class=\"eael-entry-title\"><a class=\"eael-grid-post-link\" href=\"https:\/\/www.afime.org\/en\/2026\/04\/15\/afime-un-ecosysteme-complet-au-service-de-linnovation-africaine\/\" title=\"AFIME, un \u00e9cosyst\u00e8me complet au service de l\u2019innovation africaine\">AFIME, un \u00e9cosyst\u00e8me complet au service de l\u2019innovation africaine<\/a><\/h2><\/header><div class=\"eael-entry-meta\"><span class=\"eael-posted-by\"><a href=\"https:\/\/www.afime.org\/en\/author\/web_master_vladimir\/\" title=\"Posts by AFIME\" rel=\"author\">AFIME<\/a><\/span><\/div><div class=\"eael-entry-content\">\n                        <div class=\"eael-grid-post-excerpt\"><p>AFIME, un \u00e9cosyst\u00e8me complet au service de l\u2019innovation africaine AF \u00c9quipe AFIME Afrique Impact Entrepreneurs...<\/p><a href=\"https:\/\/www.afime.org\/en\/2026\/04\/15\/afime-un-ecosysteme-complet-au-service-de-linnovation-africaine\/\" class=\"eael-post-elements-readmore-btn\">Lire plus -&gt;<\/a><\/div>\n                    <\/div><\/div><\/div>\n        <\/div>\n    <\/article><article class=\"eael-grid-post  eael-post-grid-column eael-pg-post-4796 category-afimeai\" data-id=\"4796\">\n        <div class=\"eael-grid-post-holder\">\n            <div class=\"eael-grid-post-holder-inner\"><div class=\"eael-entry-media\"><div class=\"eael-entry-overlay fade-in\"><i class=\"fas fa-long-arrow-alt-right\" aria-hidden=\"true\"><\/i><a href=\"https:\/\/www.afime.org\/en\/2026\/04\/15\/afime-comment-ca-marche\/\"><\/a><\/div><div class=\"eael-entry-thumbnail\">\n                 <img alt=\"\" decoding=\"async\" width=\"1024\" height=\"1536\" src=\"https:\/\/www.afime.org\/wp-content\/uploads\/2026\/04\/Design-sans-titre-7.png\" class=\"attachment-full size-full wp-image-4801\" srcset=\"https:\/\/www.afime.org\/wp-content\/uploads\/2026\/04\/Design-sans-titre-7.png 1024w, https:\/\/www.afime.org\/wp-content\/uploads\/2026\/04\/Design-sans-titre-7-200x300.png 200w, https:\/\/www.afime.org\/wp-content\/uploads\/2026\/04\/Design-sans-titre-7-683x1024.png 683w, https:\/\/www.afime.org\/wp-content\/uploads\/2026\/04\/Design-sans-titre-7-768x1152.png 768w, https:\/\/www.afime.org\/wp-content\/uploads\/2026\/04\/Design-sans-titre-7-8x12.png 8w\" sizes=\"(max-width: 1024px) 100vw, 1024px\" \/>\n             <\/div>\n        <\/div><div class=\"eael-entry-wrapper\"><header class=\"eael-entry-header\"><h2 class=\"eael-entry-title\"><a class=\"eael-grid-post-link\" href=\"https:\/\/www.afime.org\/en\/2026\/04\/15\/afime-comment-ca-marche\/\" title=\"AFIME comment \u00e7a marche\">AFIME comment \u00e7a marche<\/a><\/h2><\/header><div class=\"eael-entry-meta\"><span class=\"eael-posted-by\"><a href=\"https:\/\/www.afime.org\/en\/author\/web_master_vladimir\/\" title=\"Posts by AFIME\" rel=\"author\">AFIME<\/a><\/span><\/div><div class=\"eael-entry-content\">\n                        <div class=\"eael-grid-post-excerpt\"><p>AFIME comment \u00e7a marche AF \u00c9quipe AFIME Afrique Impact Entrepreneurs \u2014 Programme panafricain d&rsquo;accompagnement et...<\/p><a href=\"https:\/\/www.afime.org\/en\/2026\/04\/15\/afime-comment-ca-marche\/\" class=\"eael-post-elements-readmore-btn\">Lire plus -&gt;<\/a><\/div>\n                    <\/div><\/div><\/div>\n        <\/div>\n    <\/article><article class=\"eael-grid-post  eael-post-grid-column eael-pg-post-4789 category-afimeai\" data-id=\"4789\">\n        <div class=\"eael-grid-post-holder\">\n            <div class=\"eael-grid-post-holder-inner\"><div class=\"eael-entry-media\"><div class=\"eael-entry-overlay fade-in\"><i class=\"fas fa-long-arrow-alt-right\" aria-hidden=\"true\"><\/i><a href=\"https:\/\/www.afime.org\/en\/2026\/04\/15\/laccelerateur-panafricain-qui-reconcilie-capital-et-entrepreneurs-du-continent\/\"><\/a><\/div><div class=\"eael-entry-thumbnail\">\n                 <img alt=\"\" decoding=\"async\" width=\"1024\" height=\"1536\" src=\"https:\/\/www.afime.org\/wp-content\/uploads\/2026\/04\/Design-sans-titre-5.png\" class=\"attachment-full size-full wp-image-4795\" srcset=\"https:\/\/www.afime.org\/wp-content\/uploads\/2026\/04\/Design-sans-titre-5.png 1024w, https:\/\/www.afime.org\/wp-content\/uploads\/2026\/04\/Design-sans-titre-5-200x300.png 200w, https:\/\/www.afime.org\/wp-content\/uploads\/2026\/04\/Design-sans-titre-5-683x1024.png 683w, https:\/\/www.afime.org\/wp-content\/uploads\/2026\/04\/Design-sans-titre-5-768x1152.png 768w, https:\/\/www.afime.org\/wp-content\/uploads\/2026\/04\/Design-sans-titre-5-8x12.png 8w\" sizes=\"(max-width: 1024px) 100vw, 1024px\" \/>\n             <\/div>\n        <\/div><div class=\"eael-entry-wrapper\"><header class=\"eael-entry-header\"><h2 class=\"eael-entry-title\"><a class=\"eael-grid-post-link\" href=\"https:\/\/www.afime.org\/en\/2026\/04\/15\/laccelerateur-panafricain-qui-reconcilie-capital-et-entrepreneurs-du-continent\/\" title=\"L&rsquo;acc\u00e9l\u00e9rateur panafricain qui r\u00e9concilie capital et entrepreneurs du continent\">L&rsquo;acc\u00e9l\u00e9rateur panafricain qui r\u00e9concilie capital et entrepreneurs du continent<\/a><\/h2><\/header><div class=\"eael-entry-meta\"><span class=\"eael-posted-by\"><a href=\"https:\/\/www.afime.org\/en\/author\/web_master_vladimir\/\" title=\"Posts by AFIME\" rel=\"author\">AFIME<\/a><\/span><\/div><div class=\"eael-entry-content\">\n                        <div class=\"eael-grid-post-excerpt\"><p>L&rsquo;acc\u00e9l\u00e9rateur panafricain qui r\u00e9concilie capital et entrepreneurs du continent AF \u00c9quipe AFIME Afrique Impact Entrepreneurs...<\/p><a href=\"https:\/\/www.afime.org\/en\/2026\/04\/15\/laccelerateur-panafricain-qui-reconcilie-capital-et-entrepreneurs-du-continent\/\" class=\"eael-post-elements-readmore-btn\">Lire plus -&gt;<\/a><\/div>\n                    <\/div><\/div><\/div>\n        <\/div>\n    <\/article><article class=\"eael-grid-post  eael-post-grid-column eael-pg-post-4767 category-afimeai\" data-id=\"4767\">\n        <div class=\"eael-grid-post-holder\">\n            <div class=\"eael-grid-post-holder-inner\"><div class=\"eael-entry-media\"><div class=\"eael-entry-overlay fade-in\"><i class=\"fas fa-long-arrow-alt-right\" aria-hidden=\"true\"><\/i><a href=\"https:\/\/www.afime.org\/en\/2026\/04\/15\/mythe-11-lever-des-fonds-cest-reussir\/\"><\/a><\/div><div class=\"eael-entry-thumbnail\">\n                 <img alt=\"\" loading=\"lazy\" decoding=\"async\" width=\"1024\" height=\"1536\" src=\"https:\/\/www.afime.org\/wp-content\/uploads\/2026\/04\/ChatGPT-Image-Apr-15-2026-02_43_45-PM.png\" class=\"attachment-full size-full wp-image-4772\" srcset=\"https:\/\/www.afime.org\/wp-content\/uploads\/2026\/04\/ChatGPT-Image-Apr-15-2026-02_43_45-PM.png 1024w, https:\/\/www.afime.org\/wp-content\/uploads\/2026\/04\/ChatGPT-Image-Apr-15-2026-02_43_45-PM-200x300.png 200w, https:\/\/www.afime.org\/wp-content\/uploads\/2026\/04\/ChatGPT-Image-Apr-15-2026-02_43_45-PM-683x1024.png 683w, https:\/\/www.afime.org\/wp-content\/uploads\/2026\/04\/ChatGPT-Image-Apr-15-2026-02_43_45-PM-768x1152.png 768w, https:\/\/www.afime.org\/wp-content\/uploads\/2026\/04\/ChatGPT-Image-Apr-15-2026-02_43_45-PM-8x12.png 8w\" sizes=\"(max-width: 1024px) 100vw, 1024px\" \/>\n             <\/div>\n        <\/div><div class=\"eael-entry-wrapper\"><header class=\"eael-entry-header\"><h2 class=\"eael-entry-title\"><a class=\"eael-grid-post-link\" href=\"https:\/\/www.afime.org\/en\/2026\/04\/15\/mythe-11-lever-des-fonds-cest-reussir\/\" title=\"Mythe #11 : \u00ab Lever des fonds, c&rsquo;est r\u00e9ussir \u00bb\">Mythe #11 : \u00ab Lever des fonds, c&rsquo;est r\u00e9ussir \u00bb<\/a><\/h2><\/header><div class=\"eael-entry-meta\"><span class=\"eael-posted-by\"><a href=\"https:\/\/www.afime.org\/en\/author\/web_master_vladimir\/\" title=\"Posts by AFIME\" rel=\"author\">AFIME<\/a><\/span><\/div><div class=\"eael-entry-content\">\n                        <div class=\"eael-grid-post-excerpt\"><p>Mythe #11 : \u00ab Lever des fonds, c&rsquo;est r\u00e9ussir \u00bb Mythe #11 \/ 24 JN...<\/p><a href=\"https:\/\/www.afime.org\/en\/2026\/04\/15\/mythe-11-lever-des-fonds-cest-reussir\/\" class=\"eael-post-elements-readmore-btn\">Lire plus -&gt;<\/a><\/div>\n                    <\/div><\/div><\/div>\n        <\/div>\n    <\/article><article class=\"eael-grid-post  eael-post-grid-column eael-pg-post-4759 category-afimeai\" data-id=\"4759\">\n        <div class=\"eael-grid-post-holder\">\n            <div class=\"eael-grid-post-holder-inner\"><div class=\"eael-entry-media\"><div class=\"eael-entry-overlay fade-in\"><i class=\"fas fa-long-arrow-alt-right\" aria-hidden=\"true\"><\/i><a href=\"https:\/\/www.afime.org\/en\/2026\/04\/15\/mythe-14-un-beau-pitch-deck-suffit-a-lever-des-fonds\/\"><\/a><\/div><div class=\"eael-entry-thumbnail\">\n                 <img alt=\"\" loading=\"lazy\" decoding=\"async\" width=\"1024\" height=\"1536\" src=\"https:\/\/www.afime.org\/wp-content\/uploads\/2026\/04\/ChatGPT-Image-Apr-15-2026-02_27_43-PM.png\" class=\"attachment-full size-full wp-image-4766\" srcset=\"https:\/\/www.afime.org\/wp-content\/uploads\/2026\/04\/ChatGPT-Image-Apr-15-2026-02_27_43-PM.png 1024w, https:\/\/www.afime.org\/wp-content\/uploads\/2026\/04\/ChatGPT-Image-Apr-15-2026-02_27_43-PM-200x300.png 200w, https:\/\/www.afime.org\/wp-content\/uploads\/2026\/04\/ChatGPT-Image-Apr-15-2026-02_27_43-PM-683x1024.png 683w, https:\/\/www.afime.org\/wp-content\/uploads\/2026\/04\/ChatGPT-Image-Apr-15-2026-02_27_43-PM-768x1152.png 768w, https:\/\/www.afime.org\/wp-content\/uploads\/2026\/04\/ChatGPT-Image-Apr-15-2026-02_27_43-PM-8x12.png 8w\" sizes=\"(max-width: 1024px) 100vw, 1024px\" \/>\n             <\/div>\n        <\/div><div class=\"eael-entry-wrapper\"><header class=\"eael-entry-header\"><h2 class=\"eael-entry-title\"><a class=\"eael-grid-post-link\" href=\"https:\/\/www.afime.org\/en\/2026\/04\/15\/mythe-14-un-beau-pitch-deck-suffit-a-lever-des-fonds\/\" title=\"Mythe #14 : \u00ab Un beau pitch deck suffit \u00e0 lever des fonds \u00bb\">Mythe #14 : \u00ab Un beau pitch deck suffit \u00e0 lever des fonds \u00bb<\/a><\/h2><\/header><div class=\"eael-entry-meta\"><span class=\"eael-posted-by\"><a href=\"https:\/\/www.afime.org\/en\/author\/web_master_vladimir\/\" title=\"Posts by AFIME\" rel=\"author\">AFIME<\/a><\/span><\/div><div class=\"eael-entry-content\">\n                        <div class=\"eael-grid-post-excerpt\"><p>Mythe #14 : \u00ab Un beau pitch deck suffit \u00e0 lever des fonds \u00bb Mythe...<\/p><a href=\"https:\/\/www.afime.org\/en\/2026\/04\/15\/mythe-14-un-beau-pitch-deck-suffit-a-lever-des-fonds\/\" class=\"eael-post-elements-readmore-btn\">Lire plus -&gt;<\/a><\/div>\n                    <\/div><\/div><\/div>\n        <\/div>\n    <\/article><article class=\"eael-grid-post  eael-post-grid-column eael-pg-post-4751 category-afimeai\" data-id=\"4751\">\n        <div class=\"eael-grid-post-holder\">\n            <div class=\"eael-grid-post-holder-inner\"><div class=\"eael-entry-media\"><div class=\"eael-entry-overlay fade-in\"><i class=\"fas fa-long-arrow-alt-right\" aria-hidden=\"true\"><\/i><a href=\"https:\/\/www.afime.org\/en\/2026\/04\/15\/les-banques-etrangeres-avaient-peut-etre-les-coffres-mais-lafrique-a-les-cles-de-demain\/\"><\/a><\/div><div class=\"eael-entry-thumbnail\">\n                 <img alt=\"\" loading=\"lazy\" decoding=\"async\" width=\"1024\" height=\"1536\" src=\"https:\/\/www.afime.org\/wp-content\/uploads\/2026\/04\/ChatGPT-Image-Apr-15-2026-02_18_56-PM.png\" class=\"attachment-full size-full wp-image-4758\" srcset=\"https:\/\/www.afime.org\/wp-content\/uploads\/2026\/04\/ChatGPT-Image-Apr-15-2026-02_18_56-PM.png 1024w, https:\/\/www.afime.org\/wp-content\/uploads\/2026\/04\/ChatGPT-Image-Apr-15-2026-02_18_56-PM-200x300.png 200w, https:\/\/www.afime.org\/wp-content\/uploads\/2026\/04\/ChatGPT-Image-Apr-15-2026-02_18_56-PM-683x1024.png 683w, https:\/\/www.afime.org\/wp-content\/uploads\/2026\/04\/ChatGPT-Image-Apr-15-2026-02_18_56-PM-768x1152.png 768w, https:\/\/www.afime.org\/wp-content\/uploads\/2026\/04\/ChatGPT-Image-Apr-15-2026-02_18_56-PM-8x12.png 8w\" sizes=\"(max-width: 1024px) 100vw, 1024px\" \/>\n             <\/div>\n        <\/div><div class=\"eael-entry-wrapper\"><header class=\"eael-entry-header\"><h2 class=\"eael-entry-title\"><a class=\"eael-grid-post-link\" href=\"https:\/\/www.afime.org\/en\/2026\/04\/15\/les-banques-etrangeres-avaient-peut-etre-les-coffres-mais-lafrique-a-les-cles-de-demain\/\" title=\"Les banques \u00e9trang\u00e8res avaient peut-\u00eatre les coffres. Mais l&rsquo;Afrique a les cl\u00e9s de demain\">Les banques \u00e9trang\u00e8res avaient peut-\u00eatre les coffres. Mais l&rsquo;Afrique a les cl\u00e9s de demain<\/a><\/h2><\/header><div class=\"eael-entry-meta\"><span class=\"eael-posted-by\"><a href=\"https:\/\/www.afime.org\/en\/author\/web_master_vladimir\/\" title=\"Posts by AFIME\" rel=\"author\">AFIME<\/a><\/span><\/div><div class=\"eael-entry-content\">\n                        <div class=\"eael-grid-post-excerpt\"><p>Les banques \u00e9trang\u00e8res avaient peut-\u00eatre les coffres. Mais l&rsquo;Afrique a les cl\u00e9s de demain JN...<\/p><a href=\"https:\/\/www.afime.org\/en\/2026\/04\/15\/les-banques-etrangeres-avaient-peut-etre-les-coffres-mais-lafrique-a-les-cles-de-demain\/\" class=\"eael-post-elements-readmore-btn\">Lire plus -&gt;<\/a><\/div>\n                    <\/div><\/div><\/div>\n        <\/div>\n    <\/article><article class=\"eael-grid-post  eael-post-grid-column eael-pg-post-4740 category-afimeai\" data-id=\"4740\">\n        <div class=\"eael-grid-post-holder\">\n            <div class=\"eael-grid-post-holder-inner\"><div class=\"eael-entry-media\"><div class=\"eael-entry-overlay fade-in\"><i class=\"fas fa-long-arrow-alt-right\" aria-hidden=\"true\"><\/i><a href=\"https:\/\/www.afime.org\/en\/2026\/04\/15\/le-kenya-en-tete-mondiale-sur-chatgpt-ce-que-cela-revele-sur-lafrique-copy\/\"><\/a><\/div><div class=\"eael-entry-thumbnail\">\n                 <img alt=\"\" loading=\"lazy\" decoding=\"async\" width=\"1024\" height=\"1536\" src=\"https:\/\/www.afime.org\/wp-content\/uploads\/2026\/04\/ChatGPT-Image-Apr-15-2026-02_22_33-PM.png\" class=\"attachment-full size-full wp-image-4757\" srcset=\"https:\/\/www.afime.org\/wp-content\/uploads\/2026\/04\/ChatGPT-Image-Apr-15-2026-02_22_33-PM.png 1024w, https:\/\/www.afime.org\/wp-content\/uploads\/2026\/04\/ChatGPT-Image-Apr-15-2026-02_22_33-PM-200x300.png 200w, https:\/\/www.afime.org\/wp-content\/uploads\/2026\/04\/ChatGPT-Image-Apr-15-2026-02_22_33-PM-683x1024.png 683w, https:\/\/www.afime.org\/wp-content\/uploads\/2026\/04\/ChatGPT-Image-Apr-15-2026-02_22_33-PM-768x1152.png 768w, https:\/\/www.afime.org\/wp-content\/uploads\/2026\/04\/ChatGPT-Image-Apr-15-2026-02_22_33-PM-8x12.png 8w\" sizes=\"(max-width: 1024px) 100vw, 1024px\" \/>\n             <\/div>\n        <\/div><div class=\"eael-entry-wrapper\"><header class=\"eael-entry-header\"><h2 class=\"eael-entry-title\"><a class=\"eael-grid-post-link\" href=\"https:\/\/www.afime.org\/en\/2026\/04\/15\/le-kenya-en-tete-mondiale-sur-chatgpt-ce-que-cela-revele-sur-lafrique-copy\/\" title=\"Mythe #16 : \u00ab Pour lever des fonds, il faut \u00eatre bas\u00e9 aux \u00c9tats-Unis ou en Europe \u00bb\">Mythe #16 : \u00ab Pour lever des fonds, il faut \u00eatre bas\u00e9 aux \u00c9tats-Unis ou en Europe \u00bb<\/a><\/h2><\/header><div class=\"eael-entry-meta\"><span class=\"eael-posted-by\"><a href=\"https:\/\/www.afime.org\/en\/author\/web_master_vladimir\/\" title=\"Posts by AFIME\" rel=\"author\">AFIME<\/a><\/span><\/div><div class=\"eael-entry-content\">\n                        <div class=\"eael-grid-post-excerpt\"><p>Mythe #16 : \u00ab Pour lever des fonds, il faut \u00eatre bas\u00e9 aux \u00c9tats-Unis ou...<\/p><a href=\"https:\/\/www.afime.org\/en\/2026\/04\/15\/le-kenya-en-tete-mondiale-sur-chatgpt-ce-que-cela-revele-sur-lafrique-copy\/\" class=\"eael-post-elements-readmore-btn\">Lire plus -&gt;<\/a><\/div>\n                    <\/div><\/div><\/div>\n        <\/div>\n    <\/article><article class=\"eael-grid-post  eael-post-grid-column eael-pg-post-4691 category-afimeai\" data-id=\"4691\">\n        <div class=\"eael-grid-post-holder\">\n            <div class=\"eael-grid-post-holder-inner\"><div class=\"eael-entry-media\"><div class=\"eael-entry-overlay fade-in\"><i class=\"fas fa-long-arrow-alt-right\" aria-hidden=\"true\"><\/i><a href=\"https:\/\/www.afime.org\/en\/2026\/04\/14\/le-kenya-en-tete-mondiale-sur-chatgpt-ce-que-cela-revele-sur-lafrique\/\"><\/a><\/div><div class=\"eael-entry-thumbnail\">\n                 <img alt=\"\" loading=\"lazy\" decoding=\"async\" width=\"848\" height=\"1264\" src=\"https:\/\/www.afime.org\/wp-content\/uploads\/2026\/04\/Gemini_Generated_Image_vacveovacveovacv.png\" class=\"attachment-full size-full wp-image-4782\" srcset=\"https:\/\/www.afime.org\/wp-content\/uploads\/2026\/04\/Gemini_Generated_Image_vacveovacveovacv.png 848w, https:\/\/www.afime.org\/wp-content\/uploads\/2026\/04\/Gemini_Generated_Image_vacveovacveovacv-201x300.png 201w, https:\/\/www.afime.org\/wp-content\/uploads\/2026\/04\/Gemini_Generated_Image_vacveovacveovacv-687x1024.png 687w, https:\/\/www.afime.org\/wp-content\/uploads\/2026\/04\/Gemini_Generated_Image_vacveovacveovacv-768x1145.png 768w, https:\/\/www.afime.org\/wp-content\/uploads\/2026\/04\/Gemini_Generated_Image_vacveovacveovacv-8x12.png 8w\" sizes=\"(max-width: 848px) 100vw, 848px\" \/>\n             <\/div>\n        <\/div><div class=\"eael-entry-wrapper\"><header class=\"eael-entry-header\"><h2 class=\"eael-entry-title\"><a class=\"eael-grid-post-link\" href=\"https:\/\/www.afime.org\/en\/2026\/04\/14\/le-kenya-en-tete-mondiale-sur-chatgpt-ce-que-cela-revele-sur-lafrique\/\" title=\"Le Kenya en t\u00eate mondiale sur ChatGPT : ce que cela r\u00e9v\u00e8le sur l&rsquo;Afrique\">Le Kenya en t\u00eate mondiale sur ChatGPT : ce que cela r\u00e9v\u00e8le sur l&rsquo;Afrique<\/a><\/h2><\/header><div class=\"eael-entry-meta\"><span class=\"eael-posted-by\"><a href=\"https:\/\/www.afime.org\/en\/author\/web_master_vladimir\/\" title=\"Posts by AFIME\" rel=\"author\">AFIME<\/a><\/span><\/div><div class=\"eael-entry-content\">\n                        <div class=\"eael-grid-post-excerpt\"><p>Le Kenya en t\u00eate mondiale sur ChatGPT : ce que cela r\u00e9v\u00e8le sur l&rsquo;Afrique JN...<\/p><a href=\"https:\/\/www.afime.org\/en\/2026\/04\/14\/le-kenya-en-tete-mondiale-sur-chatgpt-ce-que-cela-revele-sur-lafrique\/\" class=\"eael-post-elements-readmore-btn\">Lire plus -&gt;<\/a><\/div>\n                    <\/div><\/div><\/div>\n        <\/div>\n    <\/article><\/div>\n            <div class=\"clearfix\"><\/div>\n        <\/div>\t\t\t\t<\/div>\n\t\t\t\t\t<\/div>\n\t\t\t\t<\/div>\n\t\t<div class=\"elementor-element elementor-element-49bf532 e-flex e-con-boxed e-con e-parent\" data-id=\"49bf532\" data-element_type=\"container\" data-e-type=\"container\">\n\t\t\t\t\t<div class=\"e-con-inner\">\n\t\t\t\t<div class=\"elementor-element elementor-element-c7983c2 elementor-widget elementor-widget-spacer\" data-id=\"c7983c2\" data-element_type=\"widget\" data-e-type=\"widget\" data-widget_type=\"spacer.default\">\n\t\t\t\t\t\t\t<div class=\"elementor-spacer\">\n\t\t\t<div class=\"elementor-spacer-inner\"><\/div>\n\t\t<\/div>\n\t\t\t\t\t\t<\/div>\n\t\t\t\t\t<\/div>\n\t\t\t\t<\/div>\n\t\t\t\t<\/div>","protected":false},"excerpt":{"rendered":"<p>LE BLOG AFIME R\u00e9flexions sur l&rsquo;entrepreneuriat africain, le financement et les transformations technologiques du continent. AFIME, un \u00e9cosyst\u00e8me complet au service de l\u2019innovation africaine AFIME AFIME, un \u00e9cosyst\u00e8me complet au service de l\u2019innovation africaine L&rsquo;\u00e9cosyst\u00e8me : quand tout un continent&#8230; Lire plus -&gt; AFIME comment \u00e7a marche AFIME AFIME comment \u00e7a marche 25 entrepreneurs s\u00e9lectionn\u00e9s [&hellip;]<\/p>\n","protected":false},"author":5,"featured_media":0,"parent":0,"menu_order":0,"comment_status":"closed","ping_status":"closed","template":"","meta":{"_seopress_robots_primary_cat":"","_seopress_titles_title":"","_seopress_titles_desc":"","_seopress_robots_index":"","footnotes":""},"class_list":["post-4677","page","type-page","status-publish","hentry"],"_links":{"self":[{"href":"https:\/\/www.afime.org\/en\/wp-json\/wp\/v2\/pages\/4677","targetHints":{"allow":["GET"]}}],"collection":[{"href":"https:\/\/www.afime.org\/en\/wp-json\/wp\/v2\/pages"}],"about":[{"href":"https:\/\/www.afime.org\/en\/wp-json\/wp\/v2\/types\/page"}],"author":[{"embeddable":true,"href":"https:\/\/www.afime.org\/en\/wp-json\/wp\/v2\/users\/5"}],"replies":[{"embeddable":true,"href":"https:\/\/www.afime.org\/en\/wp-json\/wp\/v2\/comments?post=4677"}],"version-history":[{"count":22,"href":"https:\/\/www.afime.org\/en\/wp-json\/wp\/v2\/pages\/4677\/revisions"}],"predecessor-version":[{"id":4814,"href":"https:\/\/www.afime.org\/en\/wp-json\/wp\/v2\/pages\/4677\/revisions\/4814"}],"wp:attachment":[{"href":"https:\/\/www.afime.org\/en\/wp-json\/wp\/v2\/media?parent=4677"}],"curies":[{"name":"wp","href":"https:\/\/api.w.org\/{rel}","templated":true}]}}